{"id":2,"date":"2022-03-21T18:20:49","date_gmt":"2022-03-21T18:20:49","guid":{"rendered":"http:\/\/apartmani-pulic.com\/wp\/?page_id=2"},"modified":"2023-07-20T11:44:25","modified_gmt":"2023-07-20T11:44:25","slug":"sample-page","status":"publish","type":"page","link":"https:\/\/apartmani-pulic.com\/hr\/","title":{"rendered":"Home"},"content":{"rendered":"\r\n<style type=\"text\/css\" scoped>.rbs_gallery_69f1cdef626c1Spinner{\r\n\t\t\t\tmargin: 50px auto;\r\n\t\t\t\twidth: 50px;\r\n\t\t\t\theight: 40px;\r\n\t\t\t\ttext-align: center;\r\n\t\t\t\tfont-size: 10px;\r\n\t\t\t}\r\n\t\t\t.rbs_gallery_69f1cdef626c1Spinner > div{\r\n\t\t\t  background-color: #333;\r\n\t\t\t  height: 100%;\r\n\t\t\t  width: 6px;\r\n\t\t\t  display: inline-block;\r\n\t\t\t  -webkit-animation: rbs_gallery_69f1cdef626c1-stretchdelay 1.2s infinite ease-in-out;\r\n\t\t\t  animation: rbs_gallery_69f1cdef626c1-stretchdelay 1.2s infinite ease-in-out;\r\n\t\t\t}\r\n\t\t\t.rbs_gallery_69f1cdef626c1Spinner .rbs_gallery_69f1cdef626c1Rect2 {\r\n\t\t\t  -webkit-animation-delay: -1.1s;\r\n\t\t\t  animation-delay: -1.1s;\r\n\t\t\t}\r\n\t\t\t.rbs_gallery_69f1cdef626c1Spinner .rbs_gallery_69f1cdef626c1Rect3 {\r\n\t\t\t  -webkit-animation-delay: -1.0s;\r\n\t\t\t  animation-delay: -1.0s;\r\n\t\t\t}\r\n\t\t\t.rbs_gallery_69f1cdef626c1Spinner .rbs_gallery_69f1cdef626c1Rect4 {\r\n\t\t\t  -webkit-animation-delay: -0.9s;\r\n\t\t\t  animation-delay: -0.9s;\r\n\t\t\t}\r\n\t\t\t.rbs_gallery_69f1cdef626c1Spinner .rbs_gallery_69f1cdef626c1Rect5 {\r\n\t\t\t  -webkit-animation-delay: -0.8s;\r\n\t\t\t  animation-delay: -0.8s;\r\n\t\t\t}\r\n\t\t\t@-webkit-keyframes rbs_gallery_69f1cdef626c1-stretchdelay {\r\n\t\t\t  0%, 40%, 100% { -webkit-transform: scaleY(0.4) }  \r\n\t\t\t  20% { -webkit-transform: scaleY(1.0) }\r\n\t\t\t}\r\n\t\t\t@keyframes rbs_gallery_69f1cdef626c1-stretchdelay {\r\n\t\t\t  0%, 40%, 100% { \r\n\t\t\t    transform: scaleY(0.4);\r\n\t\t\t    -webkit-transform: scaleY(0.4);\r\n\t\t\t  }  20% { \r\n\t\t\t    transform: scaleY(1.0);\r\n\t\t\t    -webkit-transform: scaleY(1.0);\r\n\t\t\t  }\r\n\t\t\t}\r\n\t\t<\/style><div id=\"robo-gallery-slider-wraprbs_gallery_69f1cdef626c1\" class=\"robo-gallery-slider-wrap robo-gallery-slider-wrap-id13 robo-gallery-slider\"><div id=\"rbs_gallery_69f1cdef626c1-block-loader\" class=\"rbs_gallery_69f1cdef626c1Spinner\"><div class=\"rbs_gallery_69f1cdef626c1Rect1\"><\/div> <div class=\"rbs_gallery_69f1cdef626c1Rect2\"><\/div> <div class=\"rbs_gallery_69f1cdef626c1Rect3\"><\/div> <div class=\"rbs_gallery_69f1cdef626c1Rect4\"><\/div> <div class=\"rbs_gallery_69f1cdef626c1Rect5\"><\/div><\/div><div id=\"robo-gallery-slider-block-rbs_gallery_69f1cdef626c1\"  data-options=\"rbs_gallery_69f1cdef626c1\" \r\n\t\t\t\t\tclass=\"swiper-container robo-gallery-slider-container robo-gallery-slider-13\" \r\n\t\t\t\t\tstyle=\"height:450px;  display: none;\"\r\n\t\t\t\t\t\r\n\t\t\t\t><div id=\"rbs_gallery_69f1cdef626c1\" class=\"swiper-wrapper robo-slider-gallery  \"><div class=\"swiper-slide  swiper-lazy \" \r\n \t\t\t\t\tstyle=\"background-image:url('https:\/\/apartmani-pulic.com\/wp-content\/uploads\/2023\/07\/collage-1.png');\" ><div class=\"swiper-lazy-preloader\"><\/div><\/div><div class=\"swiper-slide  swiper-lazy \" \r\n \t\t\t\t\tstyle=\"background-image:url('https:\/\/apartmani-pulic.com\/wp-content\/uploads\/2022\/03\/7030_IMG_5120-scaled.jpg');\" ><div class=\"swiper-lazy-preloader\"><\/div><\/div><div class=\"swiper-slide  swiper-lazy \" \r\n \t\t\t\t\tstyle=\"background-image:url('https:\/\/apartmani-pulic.com\/wp-content\/uploads\/2022\/03\/7080_IMG_5077-scaled.jpg');\" ><div class=\"swiper-lazy-preloader\"><\/div><\/div><div class=\"swiper-slide  swiper-lazy \" \r\n \t\t\t\t\tstyle=\"background-image:url('https:\/\/apartmani-pulic.com\/wp-content\/uploads\/2023\/07\/kuca1.jpg');\" ><div class=\"swiper-lazy-preloader\"><\/div><\/div><div class=\"swiper-slide  swiper-lazy \" \r\n \t\t\t\t\tstyle=\"background-image:url('https:\/\/apartmani-pulic.com\/wp-content\/uploads\/2023\/07\/zaboric01.jpg');\" ><div class=\"swiper-lazy-preloader\"><\/div><\/div><div class=\"swiper-slide  swiper-lazy \" \r\n \t\t\t\t\tstyle=\"background-image:url('https:\/\/apartmani-pulic.com\/wp-content\/uploads\/2023\/07\/home.jpg');\" ><div class=\"swiper-lazy-preloader\"><\/div><\/div><\/div><div class=\"swiper-button-prev\"><\/div><div class=\"swiper-button-next\"><\/div><div class=\"swiper-pagination\"><\/div><\/div><\/div><script>var rbs_gallery_69f1cdef626c1 = {\"version\":\"3.2.15\",\"id\":13,\"class\":\"id13\",\"roboGalleryDelay\":1000,\"mainContainer\":\"#robo_gallery_main_block_rbs_gallery_69f1cdef626c1\",\"loadingContainer\":\"#rbs_gallery_69f1cdef626c1-block-loader\",\"loadingContainerObj\":\"rbs_gallery_69f1cdef626c1-block-loader\",\"loop\":true,\"centeredSlides\":true,\"autoplay\":{\"delay\":1500,\"disableOnInteraction\":false},\"preloadImages\":false,\"lazy\":true,\"effect\":\"slide\",\"direction\":\"horizontal\",\"navigation\":{\"nextEl\":\".swiper-button-next\",\"prevEl\":\".swiper-button-prev\"},\"pagination\":{\"el\":\".swiper-pagination\",\"type\":\"bullets\",\"clickable\":true,\"dynamicBullets\":true},\"protectionEnable\":true,\"wrapContainer\":\"#robo-gallery-wrap-rbs_gallery_69f1cdef626c1\"};<\/script>\r\n<p>&nbsp;<\/p>\r\n<blockquote>\r\n<p>Objekt &#8220;Apartmani Puli\u0107&#8221; nalazi se u mjestu \u017dabori\u0107 koje je smje\u0161teno 11 km ju\u017eno od \u0160ibenika. Ovo malo atraktivno mjesto, jedno je od omiljenih turisti\u010dkih destinacija doma\u0107ih i stranih gostiju. Ugodan i miran boravak, ure\u0111ene pje\u0161\u010dane i \u0161ljun\u010dane pla\u017ee, kristalno \u010disto more te dobra prometna povezanost samo su neki od razloga zbog kojih svake godine \u017dabori\u0107 privla\u010di sve vi\u0161e gostiju.<\/p>\r\n<p><br \/>Apartmani se nalaze u privatnom objektu koji je od mora udaljen svega 40 m. Takva pozicija osigurava prekrasan pogled na more, ali i blizinu pla\u017ee. Objekt nudi 6 apartmana razli\u010ditih kapaciteta. Svi apartmani se sastoje od: kuhinje\/blagovaone i dnevnog boravka sa izlazom na balkon, jedne ili dvije spava\u0107e sobe te kupaonom. Apartmani su klimatizirani i imaju besplatan Internet. Zelena oku\u0107nica, velika terasa sa ro\u0161tiljem i rasvjetom u dvori\u0161tu ku\u0107e, pogodna je za ugodan boravak i opu\u0161tanje izvan apartmana. Gosti pred ku\u0107om imaju osiguran privatni parking. U objektu borave i doma\u0107ini koji su gostima uvijek na raspolaganju.<\/p>\r\n<\/blockquote>\r\n","protected":false},"excerpt":{"rendered":"<p>&nbsp; Objekt &#8220;Apartmani Puli\u0107&#8221; nalazi se u mjestu \u017dabori\u0107 koje je smje\u0161teno 11 km ju\u017eno od \u0160ibenika. Ovo malo atraktivno mjesto, jedno je od omiljenih turisti\u010dkih destinacija doma\u0107ih i stranih gostiju. Ugodan i miran boravak, ure\u0111ene pje\u0161\u010dane i \u0161ljun\u010dane pla\u017ee, <a href=\"https:\/\/apartmani-pulic.com\/hr\/\" class=\"read-more\">Read More &#8230;<\/a><\/p>\n","protected":false},"author":1,"featured_media":0,"parent":0,"menu_order":0,"comment_status":"closed","ping_status":"open","template":"","meta":{"footnotes":""},"class_list":["post-2","page","type-page","status-publish","hentry"],"_links":{"self":[{"href":"https:\/\/apartmani-pulic.com\/hr\/wp-json\/wp\/v2\/pages\/2","targetHints":{"allow":["GET"]}}],"collection":[{"href":"https:\/\/apartmani-pulic.com\/hr\/wp-json\/wp\/v2\/pages"}],"about":[{"href":"https:\/\/apartmani-pulic.com\/hr\/wp-json\/wp\/v2\/types\/page"}],"author":[{"embeddable":true,"href":"https:\/\/apartmani-pulic.com\/hr\/wp-json\/wp\/v2\/users\/1"}],"replies":[{"embeddable":true,"href":"https:\/\/apartmani-pulic.com\/hr\/wp-json\/wp\/v2\/comments?post=2"}],"version-history":[{"count":13,"href":"https:\/\/apartmani-pulic.com\/hr\/wp-json\/wp\/v2\/pages\/2\/revisions"}],"predecessor-version":[{"id":203,"href":"https:\/\/apartmani-pulic.com\/hr\/wp-json\/wp\/v2\/pages\/2\/revisions\/203"}],"wp:attachment":[{"href":"https:\/\/apartmani-pulic.com\/hr\/wp-json\/wp\/v2\/media?parent=2"}],"curies":[{"name":"wp","href":"https:\/\/api.w.org\/{rel}","templated":true}]}}