{"id":28,"date":"2022-04-20T19:57:28","date_gmt":"2022-04-20T19:57:28","guid":{"rendered":"http:\/\/apartmani-pulic.com\/wp\/?page_id=28"},"modified":"2023-09-08T08:05:57","modified_gmt":"2023-09-08T08:05:57","slug":"apartments","status":"publish","type":"page","link":"https:\/\/apartmani-pulic.com\/hr\/apartments\/","title":{"rendered":"Apartmani"},"content":{"rendered":"<div id=\"pl-28\"  class=\"panel-layout\" ><div id=\"pg-28-0\"  class=\"panel-grid panel-no-style\" ><div id=\"pgc-28-0-0\"  class=\"panel-grid-cell\" ><div id=\"panel-28-0-0-0\" class=\"so-panel widget widget_sow-editor panel-first-child panel-last-child\" data-index=\"0\" ><div class=\"so-widget-sow-editor so-widget-sow-editor-base\">\n<div class=\"siteorigin-widget-tinymce textwidget\">\n\t<style type=\"text\/css\" scoped>.rbs_gallery_69f1b71770f06Spinner{\r\n\t\t\t\tmargin: 50px auto;\r\n\t\t\t\twidth: 50px;\r\n\t\t\t\theight: 40px;\r\n\t\t\t\ttext-align: center;\r\n\t\t\t\tfont-size: 10px;\r\n\t\t\t}\r\n\t\t\t.rbs_gallery_69f1b71770f06Spinner > div{\r\n\t\t\t  background-color: #333;\r\n\t\t\t  height: 100%;\r\n\t\t\t  width: 6px;\r\n\t\t\t  display: inline-block;\r\n\t\t\t  -webkit-animation: rbs_gallery_69f1b71770f06-stretchdelay 1.2s infinite ease-in-out;\r\n\t\t\t  animation: rbs_gallery_69f1b71770f06-stretchdelay 1.2s infinite ease-in-out;\r\n\t\t\t}\r\n\t\t\t.rbs_gallery_69f1b71770f06Spinner .rbs_gallery_69f1b71770f06Rect2 {\r\n\t\t\t  -webkit-animation-delay: -1.1s;\r\n\t\t\t  animation-delay: -1.1s;\r\n\t\t\t}\r\n\t\t\t.rbs_gallery_69f1b71770f06Spinner .rbs_gallery_69f1b71770f06Rect3 {\r\n\t\t\t  -webkit-animation-delay: -1.0s;\r\n\t\t\t  animation-delay: -1.0s;\r\n\t\t\t}\r\n\t\t\t.rbs_gallery_69f1b71770f06Spinner .rbs_gallery_69f1b71770f06Rect4 {\r\n\t\t\t  -webkit-animation-delay: -0.9s;\r\n\t\t\t  animation-delay: -0.9s;\r\n\t\t\t}\r\n\t\t\t.rbs_gallery_69f1b71770f06Spinner .rbs_gallery_69f1b71770f06Rect5 {\r\n\t\t\t  -webkit-animation-delay: -0.8s;\r\n\t\t\t  animation-delay: -0.8s;\r\n\t\t\t}\r\n\t\t\t@-webkit-keyframes rbs_gallery_69f1b71770f06-stretchdelay {\r\n\t\t\t  0%, 40%, 100% { -webkit-transform: scaleY(0.4) }  \r\n\t\t\t  20% { -webkit-transform: scaleY(1.0) }\r\n\t\t\t}\r\n\t\t\t@keyframes rbs_gallery_69f1b71770f06-stretchdelay {\r\n\t\t\t  0%, 40%, 100% { \r\n\t\t\t    transform: scaleY(0.4);\r\n\t\t\t    -webkit-transform: scaleY(0.4);\r\n\t\t\t  }  20% { \r\n\t\t\t    transform: scaleY(1.0);\r\n\t\t\t    -webkit-transform: scaleY(1.0);\r\n\t\t\t  }\r\n\t\t\t}\r\n\t\t<\/style><div id=\"robo-gallery-slider-wraprbs_gallery_69f1b71770f06\" class=\"robo-gallery-slider-wrap robo-gallery-slider-wrap-id209 robo-gallery-slider\"><div id=\"rbs_gallery_69f1b71770f06-block-loader\" class=\"rbs_gallery_69f1b71770f06Spinner\"><div class=\"rbs_gallery_69f1b71770f06Rect1\"><\/div> <div class=\"rbs_gallery_69f1b71770f06Rect2\"><\/div> <div class=\"rbs_gallery_69f1b71770f06Rect3\"><\/div> <div class=\"rbs_gallery_69f1b71770f06Rect4\"><\/div> <div class=\"rbs_gallery_69f1b71770f06Rect5\"><\/div><\/div><div id=\"robo-gallery-slider-block-rbs_gallery_69f1b71770f06\"  data-options=\"rbs_gallery_69f1b71770f06\" \r\n\t\t\t\t\tclass=\"swiper-container robo-gallery-slider-container robo-gallery-slider-209\" \r\n\t\t\t\t\tstyle=\"  display: none;\"\r\n\t\t\t\t\t\r\n\t\t\t\t><div id=\"rbs_gallery_69f1b71770f06\" class=\"swiper-wrapper robo-slider-gallery  \"><div class=\"swiper-slide  \" \r\n \t\t\t\t\tstyle=\"background-image:url('https:\/\/apartmani-pulic.com\/wp-content\/uploads\/2023\/07\/pulic-kuca-01.jpg');\" ><\/div><div class=\"swiper-slide  \" \r\n \t\t\t\t\tstyle=\"background-image:url('https:\/\/apartmani-pulic.com\/wp-content\/uploads\/2023\/07\/pulic-kuca-02.jpg');\" ><\/div><div class=\"swiper-slide  \" \r\n \t\t\t\t\tstyle=\"background-image:url('https:\/\/apartmani-pulic.com\/wp-content\/uploads\/2023\/07\/pulic-kuca-03.jpg');\" ><\/div><div class=\"swiper-slide  \" \r\n \t\t\t\t\tstyle=\"background-image:url('https:\/\/apartmani-pulic.com\/wp-content\/uploads\/2023\/07\/pulic-kuca-04.jpg');\" ><\/div><div class=\"swiper-slide  \" \r\n \t\t\t\t\tstyle=\"background-image:url('https:\/\/apartmani-pulic.com\/wp-content\/uploads\/2023\/07\/pulic-kuca-05.jpg');\" ><\/div><div class=\"swiper-slide  \" \r\n \t\t\t\t\tstyle=\"background-image:url('https:\/\/apartmani-pulic.com\/wp-content\/uploads\/2023\/07\/pulic-kuca-06.jpg');\" ><\/div><div class=\"swiper-slide  \" \r\n \t\t\t\t\tstyle=\"background-image:url('https:\/\/apartmani-pulic.com\/wp-content\/uploads\/2023\/07\/pulic-kuca-07.jpg');\" ><\/div><div class=\"swiper-slide  \" \r\n \t\t\t\t\tstyle=\"background-image:url('https:\/\/apartmani-pulic.com\/wp-content\/uploads\/2023\/07\/pulic-kuca-08.jpg');\" ><\/div><div class=\"swiper-slide  \" \r\n \t\t\t\t\tstyle=\"background-image:url('https:\/\/apartmani-pulic.com\/wp-content\/uploads\/2023\/07\/pulic-kuca-09.jpg');\" ><\/div><div class=\"swiper-slide  \" \r\n \t\t\t\t\tstyle=\"background-image:url('https:\/\/apartmani-pulic.com\/wp-content\/uploads\/2023\/07\/pulic-kuca-10.jpg');\" ><\/div><div class=\"swiper-slide  \" \r\n \t\t\t\t\tstyle=\"background-image:url('https:\/\/apartmani-pulic.com\/wp-content\/uploads\/2023\/07\/pulic-kuca-11.jpg');\" ><\/div><div class=\"swiper-slide  \" \r\n \t\t\t\t\tstyle=\"background-image:url('https:\/\/apartmani-pulic.com\/wp-content\/uploads\/2023\/07\/pulic-kuca-12.jpg');\" ><\/div><div class=\"swiper-slide  \" \r\n \t\t\t\t\tstyle=\"background-image:url('https:\/\/apartmani-pulic.com\/wp-content\/uploads\/2023\/07\/pulic-kuca-13.jpg');\" ><\/div><div class=\"swiper-slide  \" \r\n \t\t\t\t\tstyle=\"background-image:url('https:\/\/apartmani-pulic.com\/wp-content\/uploads\/2023\/07\/pulic-kuca-14.jpg');\" ><\/div><\/div><div class=\"swiper-button-prev\"><\/div><div class=\"swiper-button-next\"><\/div><div class=\"swiper-scrollbar\"><\/div><div class=\"swiper-pagination\"><\/div><\/div><\/div><script>var rbs_gallery_69f1b71770f06 = {\"version\":\"3.2.15\",\"id\":209,\"class\":\"id209\",\"roboGalleryDelay\":1000,\"mainContainer\":\"#robo_gallery_main_block_rbs_gallery_69f1b71770f06\",\"loadingContainer\":\"#rbs_gallery_69f1b71770f06-block-loader\",\"loadingContainerObj\":\"rbs_gallery_69f1b71770f06-block-loader\",\"loop\":true,\"centeredSlides\":true,\"preloadImages\":true,\"updateOnImagesReady\":true,\"effect\":\"slide\",\"direction\":\"horizontal\",\"navigation\":{\"nextEl\":\".swiper-button-next\",\"prevEl\":\".swiper-button-prev\"},\"scrollbar\":{\"el\":\".swiper-scrollbar\",\"draggable\":true},\"pagination\":{\"el\":\".swiper-pagination\",\"type\":\"bullets\",\"clickable\":true,\"dynamicBullets\":true},\"protectionEnable\":true,\"wrapContainer\":\"#robo-gallery-wrap-rbs_gallery_69f1b71770f06\"};<\/script>\n<p>&nbsp;<\/p>\n<p>U ponudi imamo 6 apartmana razli\u010ditih veli\u010dina i kapaciteta. \u017delite li smje\u0161taj sa pogledom na more ili pak mirnu ulicu okru\u017eenu prirodom? Na Vama je da izaberete smje\u0161taj koji \u0107e Vam osigurati ugodan boravak.<\/p>\n<p>\u2022 6 smje\u0161tajnih jedinica<br \/>\n\u2022 velika oku\u0107nica okru\u017eena zelenilom koja pru\u017ea hlad<br \/>\n\u2022 mogu\u0107nost boravka izvan apartmana<br \/>\n\u2022 ro\u0161tilj<br \/>\n\u2022 vanjski tu\u0161<br \/>\n\u2022 privatni parking ispred ku\u0107e<\/p>\n<p>&nbsp;<\/p>\n<\/div>\n<\/div><\/div><\/div><\/div><div id=\"pg-28-1\"  class=\"panel-grid panel-no-style\" ><div id=\"pgc-28-1-0\"  class=\"panel-grid-cell\" ><div id=\"panel-28-1-0-0\" class=\"so-panel widget widget_sow-editor panel-first-child panel-last-child\" data-index=\"1\" ><div class=\"panel-widget-style panel-widget-style-for-28-1-0-0\" ><div class=\"so-widget-sow-editor so-widget-sow-editor-base\">\n<div class=\"siteorigin-widget-tinymce textwidget\">\n\t<p style=\"text-align: center;\"><a href=\"https:\/\/apartmani-pulic.com\/hr\/apartment-1\/\"><img loading=\"lazy\" decoding=\"async\" class=\"alignnone wp-image-123 size-medium\" src=\"http:\/\/apartmani-pulic.com\/wp-content\/uploads\/2023\/07\/pulic-ap1-05-300x225.jpg\" alt=\"\" width=\"300\" height=\"225\" srcset=\"https:\/\/apartmani-pulic.com\/wp-content\/uploads\/2023\/07\/pulic-ap1-05-300x225.jpg 300w, https:\/\/apartmani-pulic.com\/wp-content\/uploads\/2023\/07\/pulic-ap1-05-1024x768.jpg 1024w, https:\/\/apartmani-pulic.com\/wp-content\/uploads\/2023\/07\/pulic-ap1-05-768x576.jpg 768w, https:\/\/apartmani-pulic.com\/wp-content\/uploads\/2023\/07\/pulic-ap1-05-1536x1152.jpg 1536w, https:\/\/apartmani-pulic.com\/wp-content\/uploads\/2023\/07\/pulic-ap1-05-360x270.jpg 360w, https:\/\/apartmani-pulic.com\/wp-content\/uploads\/2023\/07\/pulic-ap1-05.jpg 1920w\" sizes=\"auto, (max-width: 300px) 100vw, 300px\" \/><\/a><\/p>\n<p style=\"text-align: center;\"><strong>Apartman 1<\/strong><br \/>\nKategorija ***<br \/>\nNa prvom katu<br \/>\n35 m2<br \/>\nStudio tip (2+2)<\/p>\n<\/div>\n<\/div><\/div><\/div><\/div><div id=\"pgc-28-1-1\"  class=\"panel-grid-cell\" ><div id=\"panel-28-1-1-0\" class=\"so-panel widget widget_sow-editor panel-first-child panel-last-child\" data-index=\"2\" ><div class=\"panel-widget-style panel-widget-style-for-28-1-1-0\" ><div class=\"so-widget-sow-editor so-widget-sow-editor-base\">\n<div class=\"siteorigin-widget-tinymce textwidget\">\n\t<p style=\"text-align: center;\"><a href=\"https:\/\/apartmani-pulic.com\/hr\/apartment-2\/\"><img loading=\"lazy\" decoding=\"async\" class=\"wp-image-133 size-medium alignnone\" src=\"http:\/\/apartmani-pulic.com\/wp-content\/uploads\/2023\/07\/pulic-ap2-01-300x225.jpg\" alt=\"\" width=\"300\" height=\"225\" srcset=\"https:\/\/apartmani-pulic.com\/wp-content\/uploads\/2023\/07\/pulic-ap2-01-300x225.jpg 300w, https:\/\/apartmani-pulic.com\/wp-content\/uploads\/2023\/07\/pulic-ap2-01-1024x768.jpg 1024w, https:\/\/apartmani-pulic.com\/wp-content\/uploads\/2023\/07\/pulic-ap2-01-768x576.jpg 768w, https:\/\/apartmani-pulic.com\/wp-content\/uploads\/2023\/07\/pulic-ap2-01-1536x1152.jpg 1536w, https:\/\/apartmani-pulic.com\/wp-content\/uploads\/2023\/07\/pulic-ap2-01-360x270.jpg 360w, https:\/\/apartmani-pulic.com\/wp-content\/uploads\/2023\/07\/pulic-ap2-01.jpg 1920w\" sizes=\"auto, (max-width: 300px) 100vw, 300px\" \/><\/a><\/p>\n<p style=\"text-align: center;\"><strong>Apartman 2<\/strong><br \/>\nKategorija ***<br \/>\nNa prvom katu<br \/>\n35 m2<br \/>\nStudio tip (2+2)<\/p>\n<\/div>\n<\/div><\/div><\/div><\/div><div id=\"pgc-28-1-2\"  class=\"panel-grid-cell\" ><div id=\"panel-28-1-2-0\" class=\"so-panel widget widget_sow-editor panel-first-child panel-last-child\" data-index=\"3\" ><div class=\"panel-widget-style panel-widget-style-for-28-1-2-0\" ><div class=\"so-widget-sow-editor so-widget-sow-editor-base\">\n<div class=\"siteorigin-widget-tinymce textwidget\">\n\t<p style=\"text-align: center;\"><a href=\"https:\/\/apartmani-pulic.com\/hr\/apartment-3\/\"><img loading=\"lazy\" decoding=\"async\" class=\"alignnone wp-image-145 size-medium\" src=\"http:\/\/apartmani-pulic.com\/wp-content\/uploads\/2023\/07\/pulic-ap3-01-300x225.jpg\" alt=\"\" width=\"300\" height=\"225\" srcset=\"https:\/\/apartmani-pulic.com\/wp-content\/uploads\/2023\/07\/pulic-ap3-01-300x225.jpg 300w, https:\/\/apartmani-pulic.com\/wp-content\/uploads\/2023\/07\/pulic-ap3-01-1024x768.jpg 1024w, https:\/\/apartmani-pulic.com\/wp-content\/uploads\/2023\/07\/pulic-ap3-01-768x576.jpg 768w, https:\/\/apartmani-pulic.com\/wp-content\/uploads\/2023\/07\/pulic-ap3-01-1536x1152.jpg 1536w, https:\/\/apartmani-pulic.com\/wp-content\/uploads\/2023\/07\/pulic-ap3-01-360x270.jpg 360w, https:\/\/apartmani-pulic.com\/wp-content\/uploads\/2023\/07\/pulic-ap3-01.jpg 1920w\" sizes=\"auto, (max-width: 300px) 100vw, 300px\" \/><\/a><\/p>\n<p style=\"text-align: center;\"><strong>Apartman 3<\/strong><br \/>\nKategorija ***<br \/>\nNa prvom katu<br \/>\n35 m2<br \/>\nStudio tip (2+2)<\/p>\n<\/div>\n<\/div><\/div><\/div><\/div><\/div><div id=\"pg-28-2\"  class=\"panel-grid panel-no-style\" ><div id=\"pgc-28-2-0\"  class=\"panel-grid-cell\" ><div id=\"panel-28-2-0-0\" class=\"so-panel widget widget_sow-editor panel-first-child panel-last-child\" data-index=\"4\" ><div class=\"panel-widget-style panel-widget-style-for-28-2-0-0\" ><div class=\"so-widget-sow-editor so-widget-sow-editor-base\">\n<div class=\"siteorigin-widget-tinymce textwidget\">\n\t<p style=\"text-align: center;\"><a href=\"https:\/\/apartmani-pulic.com\/hr\/apartment-4\/\"><img loading=\"lazy\" decoding=\"async\" class=\"alignnone wp-image-159 size-medium\" src=\"http:\/\/apartmani-pulic.com\/wp-content\/uploads\/2023\/07\/pulic-ap4-03-300x225.jpg\" alt=\"\" width=\"300\" height=\"225\" srcset=\"https:\/\/apartmani-pulic.com\/wp-content\/uploads\/2023\/07\/pulic-ap4-03-300x225.jpg 300w, https:\/\/apartmani-pulic.com\/wp-content\/uploads\/2023\/07\/pulic-ap4-03-1024x768.jpg 1024w, https:\/\/apartmani-pulic.com\/wp-content\/uploads\/2023\/07\/pulic-ap4-03-768x576.jpg 768w, https:\/\/apartmani-pulic.com\/wp-content\/uploads\/2023\/07\/pulic-ap4-03-1536x1152.jpg 1536w, https:\/\/apartmani-pulic.com\/wp-content\/uploads\/2023\/07\/pulic-ap4-03-360x270.jpg 360w, https:\/\/apartmani-pulic.com\/wp-content\/uploads\/2023\/07\/pulic-ap4-03.jpg 1920w\" sizes=\"auto, (max-width: 300px) 100vw, 300px\" \/><\/a><\/p>\n<p style=\"text-align: center;\"><strong>Apartman 4<\/strong><br \/>\nKategorija ***<br \/>\nNa drugom katu<br \/>\n60 m2<br \/>\nKapacitet: 4+2<\/p>\n<\/div>\n<\/div><\/div><\/div><\/div><div id=\"pgc-28-2-1\"  class=\"panel-grid-cell\" ><div id=\"panel-28-2-1-0\" class=\"so-panel widget widget_sow-editor panel-first-child panel-last-child\" data-index=\"5\" ><div class=\"panel-widget-style panel-widget-style-for-28-2-1-0\" ><div class=\"so-widget-sow-editor so-widget-sow-editor-base\">\n<div class=\"siteorigin-widget-tinymce textwidget\">\n\t<p style=\"text-align: center;\"><a href=\"https:\/\/apartmani-pulic.com\/hr\/apartment-5\/\"><img loading=\"lazy\" decoding=\"async\" class=\"alignnone wp-image-171 size-medium\" src=\"http:\/\/apartmani-pulic.com\/wp-content\/uploads\/2023\/07\/pulic-ap5-01-300x225.jpg\" alt=\"\" width=\"300\" height=\"225\" srcset=\"https:\/\/apartmani-pulic.com\/wp-content\/uploads\/2023\/07\/pulic-ap5-01-300x225.jpg 300w, https:\/\/apartmani-pulic.com\/wp-content\/uploads\/2023\/07\/pulic-ap5-01-1024x768.jpg 1024w, https:\/\/apartmani-pulic.com\/wp-content\/uploads\/2023\/07\/pulic-ap5-01-768x576.jpg 768w, https:\/\/apartmani-pulic.com\/wp-content\/uploads\/2023\/07\/pulic-ap5-01-1536x1152.jpg 1536w, https:\/\/apartmani-pulic.com\/wp-content\/uploads\/2023\/07\/pulic-ap5-01-360x270.jpg 360w, https:\/\/apartmani-pulic.com\/wp-content\/uploads\/2023\/07\/pulic-ap5-01.jpg 1920w\" sizes=\"auto, (max-width: 300px) 100vw, 300px\" \/><\/a><\/p>\n<p style=\"text-align: center;\"><strong>Apartman 5<\/strong><br \/>\nKategorija ***<br \/>\nNa drugom katu<br \/>\n50 m2<br \/>\nKapacitet: 4+1<\/p>\n<\/div>\n<\/div><\/div><\/div><\/div><div id=\"pgc-28-2-2\"  class=\"panel-grid-cell\" ><div id=\"panel-28-2-2-0\" class=\"so-panel widget widget_sow-editor panel-first-child panel-last-child\" data-index=\"6\" ><div class=\"panel-widget-style panel-widget-style-for-28-2-2-0\" ><div class=\"so-widget-sow-editor so-widget-sow-editor-base\">\n<div class=\"siteorigin-widget-tinymce textwidget\">\n\t<p style=\"text-align: center;\"><a href=\"https:\/\/apartmani-pulic.com\/hr\/apartment-6\/\"><img loading=\"lazy\" decoding=\"async\" class=\"alignnone wp-image-185 size-medium\" src=\"http:\/\/apartmani-pulic.com\/wp-content\/uploads\/2023\/07\/pulic-ap6-03-300x225.jpg\" alt=\"\" width=\"300\" height=\"225\" srcset=\"https:\/\/apartmani-pulic.com\/wp-content\/uploads\/2023\/07\/pulic-ap6-03-300x225.jpg 300w, https:\/\/apartmani-pulic.com\/wp-content\/uploads\/2023\/07\/pulic-ap6-03-1024x768.jpg 1024w, https:\/\/apartmani-pulic.com\/wp-content\/uploads\/2023\/07\/pulic-ap6-03-768x576.jpg 768w, https:\/\/apartmani-pulic.com\/wp-content\/uploads\/2023\/07\/pulic-ap6-03-1536x1152.jpg 1536w, https:\/\/apartmani-pulic.com\/wp-content\/uploads\/2023\/07\/pulic-ap6-03-360x270.jpg 360w, https:\/\/apartmani-pulic.com\/wp-content\/uploads\/2023\/07\/pulic-ap6-03.jpg 1920w\" sizes=\"auto, (max-width: 300px) 100vw, 300px\" \/><\/a><\/p>\n<p style=\"text-align: center;\"><strong>Apartman 6<\/strong><br \/>\nKategorija ***<br \/>\nU prizemlju<br \/>\n55 m2<br \/>\nKapacitet: 4+2<\/p>\n<\/div>\n<\/div><\/div><\/div><\/div><\/div><\/div>","protected":false},"excerpt":{"rendered":"<p>&nbsp; U ponudi imamo 6 apartmana razli\u010ditih veli\u010dina i kapaciteta. \u017delite li smje\u0161taj sa pogledom na more ili pak mirnu ulicu okru\u017eenu prirodom? Na Vama je da izaberete smje\u0161taj koji \u0107e Vam osigurati ugodan boravak. \u2022 6 smje\u0161tajnih jedinica \u2022 <a href=\"https:\/\/apartmani-pulic.com\/hr\/apartments\/\" class=\"read-more\">Read More &#8230;<\/a><\/p>\n","protected":false},"author":1,"featured_media":0,"parent":0,"menu_order":0,"comment_status":"closed","ping_status":"closed","template":"","meta":{"footnotes":""},"class_list":["post-28","page","type-page","status-publish","hentry"],"_links":{"self":[{"href":"https:\/\/apartmani-pulic.com\/hr\/wp-json\/wp\/v2\/pages\/28","targetHints":{"allow":["GET"]}}],"collection":[{"href":"https:\/\/apartmani-pulic.com\/hr\/wp-json\/wp\/v2\/pages"}],"about":[{"href":"https:\/\/apartmani-pulic.com\/hr\/wp-json\/wp\/v2\/types\/page"}],"author":[{"embeddable":true,"href":"https:\/\/apartmani-pulic.com\/hr\/wp-json\/wp\/v2\/users\/1"}],"replies":[{"embeddable":true,"href":"https:\/\/apartmani-pulic.com\/hr\/wp-json\/wp\/v2\/comments?post=28"}],"version-history":[{"count":143,"href":"https:\/\/apartmani-pulic.com\/hr\/wp-json\/wp\/v2\/pages\/28\/revisions"}],"predecessor-version":[{"id":473,"href":"https:\/\/apartmani-pulic.com\/hr\/wp-json\/wp\/v2\/pages\/28\/revisions\/473"}],"wp:attachment":[{"href":"https:\/\/apartmani-pulic.com\/hr\/wp-json\/wp\/v2\/media?parent=28"}],"curies":[{"name":"wp","href":"https:\/\/api.w.org\/{rel}","templated":true}]}}