{"id":30,"date":"2022-04-20T19:58:35","date_gmt":"2022-04-20T19:58:35","guid":{"rendered":"http:\/\/apartmani-pulic.com\/wp\/?page_id=30"},"modified":"2023-07-21T07:39:17","modified_gmt":"2023-07-21T07:39:17","slug":"apartment-1","status":"publish","type":"page","link":"https:\/\/apartmani-pulic.com\/hr\/apartment-1\/","title":{"rendered":"Apartman 1"},"content":{"rendered":"<div id=\"pl-30\"  class=\"panel-layout\" ><div id=\"pg-30-0\"  class=\"panel-grid panel-no-style\" ><div id=\"pgc-30-0-0\"  class=\"panel-grid-cell\" ><div id=\"panel-30-0-0-0\" class=\"so-panel widget widget_sow-editor panel-first-child panel-last-child\" data-index=\"0\" ><div class=\"so-widget-sow-editor so-widget-sow-editor-base\">\n<div class=\"siteorigin-widget-tinymce textwidget\">\n\t<style type=\"text\/css\" scoped>.rbs_gallery_69f1bf8887d3dSpinner{\r\n\t\t\t\tmargin: 50px auto;\r\n\t\t\t\twidth: 50px;\r\n\t\t\t\theight: 40px;\r\n\t\t\t\ttext-align: center;\r\n\t\t\t\tfont-size: 10px;\r\n\t\t\t}\r\n\t\t\t.rbs_gallery_69f1bf8887d3dSpinner > div{\r\n\t\t\t  background-color: #333;\r\n\t\t\t  height: 100%;\r\n\t\t\t  width: 6px;\r\n\t\t\t  display: inline-block;\r\n\t\t\t  -webkit-animation: rbs_gallery_69f1bf8887d3d-stretchdelay 1.2s infinite ease-in-out;\r\n\t\t\t  animation: rbs_gallery_69f1bf8887d3d-stretchdelay 1.2s infinite ease-in-out;\r\n\t\t\t}\r\n\t\t\t.rbs_gallery_69f1bf8887d3dSpinner .rbs_gallery_69f1bf8887d3dRect2 {\r\n\t\t\t  -webkit-animation-delay: -1.1s;\r\n\t\t\t  animation-delay: -1.1s;\r\n\t\t\t}\r\n\t\t\t.rbs_gallery_69f1bf8887d3dSpinner .rbs_gallery_69f1bf8887d3dRect3 {\r\n\t\t\t  -webkit-animation-delay: -1.0s;\r\n\t\t\t  animation-delay: -1.0s;\r\n\t\t\t}\r\n\t\t\t.rbs_gallery_69f1bf8887d3dSpinner .rbs_gallery_69f1bf8887d3dRect4 {\r\n\t\t\t  -webkit-animation-delay: -0.9s;\r\n\t\t\t  animation-delay: -0.9s;\r\n\t\t\t}\r\n\t\t\t.rbs_gallery_69f1bf8887d3dSpinner .rbs_gallery_69f1bf8887d3dRect5 {\r\n\t\t\t  -webkit-animation-delay: -0.8s;\r\n\t\t\t  animation-delay: -0.8s;\r\n\t\t\t}\r\n\t\t\t@-webkit-keyframes rbs_gallery_69f1bf8887d3d-stretchdelay {\r\n\t\t\t  0%, 40%, 100% { -webkit-transform: scaleY(0.4) }  \r\n\t\t\t  20% { -webkit-transform: scaleY(1.0) }\r\n\t\t\t}\r\n\t\t\t@keyframes rbs_gallery_69f1bf8887d3d-stretchdelay {\r\n\t\t\t  0%, 40%, 100% { \r\n\t\t\t    transform: scaleY(0.4);\r\n\t\t\t    -webkit-transform: scaleY(0.4);\r\n\t\t\t  }  20% { \r\n\t\t\t    transform: scaleY(1.0);\r\n\t\t\t    -webkit-transform: scaleY(1.0);\r\n\t\t\t  }\r\n\t\t\t}\r\n\t\t<\/style><div id=\"robo-gallery-slider-wraprbs_gallery_69f1bf8887d3d\" class=\"robo-gallery-slider-wrap robo-gallery-slider-wrap-id118 robo-gallery-slider\"><div id=\"rbs_gallery_69f1bf8887d3d-block-loader\" class=\"rbs_gallery_69f1bf8887d3dSpinner\"><div class=\"rbs_gallery_69f1bf8887d3dRect1\"><\/div> <div class=\"rbs_gallery_69f1bf8887d3dRect2\"><\/div> <div class=\"rbs_gallery_69f1bf8887d3dRect3\"><\/div> <div class=\"rbs_gallery_69f1bf8887d3dRect4\"><\/div> <div class=\"rbs_gallery_69f1bf8887d3dRect5\"><\/div><\/div><div id=\"robo-gallery-slider-block-rbs_gallery_69f1bf8887d3d\"  data-options=\"rbs_gallery_69f1bf8887d3d\" \r\n\t\t\t\t\tclass=\"swiper-container robo-gallery-slider-container robo-gallery-slider-118\" \r\n\t\t\t\t\tstyle=\"  display: none;\"\r\n\t\t\t\t\t\r\n\t\t\t\t><div id=\"rbs_gallery_69f1bf8887d3d\" class=\"swiper-wrapper robo-slider-gallery  \"><div class=\"swiper-slide  \" \r\n \t\t\t\t\tstyle=\"background-image:url('https:\/\/apartmani-pulic.com\/wp-content\/uploads\/2023\/07\/pulic-ap1-01.jpg');\" ><\/div><div class=\"swiper-slide  \" \r\n \t\t\t\t\tstyle=\"background-image:url('https:\/\/apartmani-pulic.com\/wp-content\/uploads\/2023\/07\/pulic-ap1-02.jpg');\" ><\/div><div class=\"swiper-slide  \" \r\n \t\t\t\t\tstyle=\"background-image:url('https:\/\/apartmani-pulic.com\/wp-content\/uploads\/2023\/07\/pulic-ap1-03.jpg');\" ><\/div><div class=\"swiper-slide  \" \r\n \t\t\t\t\tstyle=\"background-image:url('https:\/\/apartmani-pulic.com\/wp-content\/uploads\/2023\/07\/pulic-ap1-04.jpg');\" ><\/div><div class=\"swiper-slide  \" \r\n \t\t\t\t\tstyle=\"background-image:url('https:\/\/apartmani-pulic.com\/wp-content\/uploads\/2023\/07\/pulic-ap1-05.jpg');\" ><\/div><div class=\"swiper-slide  \" \r\n \t\t\t\t\tstyle=\"background-image:url('https:\/\/apartmani-pulic.com\/wp-content\/uploads\/2023\/07\/pulic-ap1-06.jpg');\" ><\/div><div class=\"swiper-slide  \" \r\n \t\t\t\t\tstyle=\"background-image:url('https:\/\/apartmani-pulic.com\/wp-content\/uploads\/2023\/07\/pulic-ap1-07.jpg');\" ><\/div><div class=\"swiper-slide  \" \r\n \t\t\t\t\tstyle=\"background-image:url('https:\/\/apartmani-pulic.com\/wp-content\/uploads\/2023\/07\/pulic-ap1-08.jpg');\" ><\/div><div class=\"swiper-slide  \" \r\n \t\t\t\t\tstyle=\"background-image:url('https:\/\/apartmani-pulic.com\/wp-content\/uploads\/2023\/07\/pulic-ap1-09.jpg');\" ><\/div><div class=\"swiper-slide  \" \r\n \t\t\t\t\tstyle=\"background-image:url('https:\/\/apartmani-pulic.com\/wp-content\/uploads\/2023\/07\/pulic-ap1-10.jpg');\" ><\/div><div class=\"swiper-slide  \" \r\n \t\t\t\t\tstyle=\"background-image:url('https:\/\/apartmani-pulic.com\/wp-content\/uploads\/2023\/07\/pulic-ap1-11.jpg');\" ><\/div><\/div><div class=\"swiper-button-prev\"><\/div><div class=\"swiper-button-next\"><\/div><div class=\"swiper-scrollbar\"><\/div><div class=\"swiper-pagination\"><\/div><\/div><\/div><script>var rbs_gallery_69f1bf8887d3d = {\"version\":\"3.2.15\",\"id\":118,\"class\":\"id118\",\"roboGalleryDelay\":1000,\"mainContainer\":\"#robo_gallery_main_block_rbs_gallery_69f1bf8887d3d\",\"loadingContainer\":\"#rbs_gallery_69f1bf8887d3d-block-loader\",\"loadingContainerObj\":\"rbs_gallery_69f1bf8887d3d-block-loader\",\"loop\":true,\"centeredSlides\":true,\"preloadImages\":true,\"updateOnImagesReady\":true,\"effect\":\"slide\",\"direction\":\"horizontal\",\"navigation\":{\"nextEl\":\".swiper-button-next\",\"prevEl\":\".swiper-button-prev\"},\"scrollbar\":{\"el\":\".swiper-scrollbar\",\"draggable\":true},\"pagination\":{\"el\":\".swiper-pagination\",\"type\":\"bullets\",\"clickable\":true,\"dynamicBullets\":true},\"protectionEnable\":true,\"wrapContainer\":\"#robo-gallery-wrap-rbs_gallery_69f1bf8887d3d\"};<\/script>\n<p>&nbsp;<\/p>\n<table width=\"100%\">\n<tbody>\n<tr>\n<td width=\"21%\"><strong>\u00a0<\/strong><\/td>\n<td width=\"78%\">\n<h2><span style=\"color: #000000;\"><strong>Apartman 1<\/strong><\/span><\/h2>\n<\/td>\n<\/tr>\n<tr>\n<td width=\"21%\"><strong>Kategorija<\/strong><\/td>\n<td width=\"78%\">***<\/td>\n<\/tr>\n<tr>\n<td width=\"21%\"><strong>Smje\u0161taj<\/strong><\/td>\n<td width=\"78%\">Na prvom katu<\/td>\n<\/tr>\n<tr>\n<td width=\"21%\"><strong>Povr\u0161ina<\/strong><\/td>\n<td width=\"78%\">35 m2<\/td>\n<\/tr>\n<tr>\n<td width=\"21%\"><strong>Kapacitet<\/strong><\/td>\n<td width=\"78%\">Tip studio (2+2)<\/td>\n<\/tr>\n<tr>\n<td rowspan=\"2\" width=\"21%\"><strong>Sadr\u017eaj<\/strong><\/td>\n<td rowspan=\"2\" width=\"78%\">\u00b7 1 spava\u0107a soba (bra\u010dni krevet) + le\u017eaj na razvla\u010denje u dnevnoj sobi za 2 osobe<br \/>\n\u00b7 kuhinja sa opremom (mikrovalna pe\u0107nica, kuhalo za vodu)<br \/>\n\u00b7 WC sa tu\u0161 kabinom<br \/>\n\u00b7 izlaz na balkon<br \/>\n\u00b7 klima ure\u0111aj, TV, satelitska TV, wi-fi<\/td>\n<\/tr>\n<\/tbody>\n<\/table>\n<p>&nbsp;<\/p>\n<\/div>\n<\/div><\/div><\/div><\/div><\/div>","protected":false},"excerpt":{"rendered":"<p>&nbsp; \u00a0 Apartman 1 Kategorija *** Smje\u0161taj Na prvom katu Povr\u0161ina 35 m2 Kapacitet Tip studio (2+2) Sadr\u017eaj \u00b7 1 spava\u0107a soba (bra\u010dni krevet) + le\u017eaj na razvla\u010denje u dnevnoj sobi za 2 osobe \u00b7 kuhinja sa opremom (mikrovalna pe\u0107nica, <a href=\"https:\/\/apartmani-pulic.com\/hr\/apartment-1\/\" class=\"read-more\">Read More &#8230;<\/a><\/p>\n","protected":false},"author":1,"featured_media":0,"parent":0,"menu_order":0,"comment_status":"closed","ping_status":"closed","template":"","meta":{"footnotes":""},"class_list":["post-30","page","type-page","status-publish","hentry"],"_links":{"self":[{"href":"https:\/\/apartmani-pulic.com\/hr\/wp-json\/wp\/v2\/pages\/30","targetHints":{"allow":["GET"]}}],"collection":[{"href":"https:\/\/apartmani-pulic.com\/hr\/wp-json\/wp\/v2\/pages"}],"about":[{"href":"https:\/\/apartmani-pulic.com\/hr\/wp-json\/wp\/v2\/types\/page"}],"author":[{"embeddable":true,"href":"https:\/\/apartmani-pulic.com\/hr\/wp-json\/wp\/v2\/users\/1"}],"replies":[{"embeddable":true,"href":"https:\/\/apartmani-pulic.com\/hr\/wp-json\/wp\/v2\/comments?post=30"}],"version-history":[{"count":22,"href":"https:\/\/apartmani-pulic.com\/hr\/wp-json\/wp\/v2\/pages\/30\/revisions"}],"predecessor-version":[{"id":362,"href":"https:\/\/apartmani-pulic.com\/hr\/wp-json\/wp\/v2\/pages\/30\/revisions\/362"}],"wp:attachment":[{"href":"https:\/\/apartmani-pulic.com\/hr\/wp-json\/wp\/v2\/media?parent=30"}],"curies":[{"name":"wp","href":"https:\/\/api.w.org\/{rel}","templated":true}]}}